{"id":416,"date":"2024-02-27T17:46:09","date_gmt":"2024-02-27T17:46:09","guid":{"rendered":"https:\/\/demo.usconsultoria.com.br\/?page_id=416"},"modified":"2024-03-06T14:00:23","modified_gmt":"2024-03-06T14:00:23","slug":"auditoria-e-qualificacao-de-fornecedores","status":"publish","type":"page","link":"https:\/\/usconsultoria.com.br\/?page_id=416","title":{"rendered":"Auditoria e Qualifica\u00e7\u00e3o de Fornecedores"},"content":{"rendered":"\t\t<div data-elementor-type=\"wp-page\" data-elementor-id=\"416\" class=\"elementor elementor-416\" data-elementor-post-type=\"page\">\n\t\t\t\t<div class=\"elementor-element elementor-element-fbcc66c e-flex e-con-boxed e-con e-parent\" data-id=\"fbcc66c\" data-element_type=\"container\" data-settings=\"{&quot;background_background&quot;:&quot;classic&quot;,&quot;content_width&quot;:&quot;boxed&quot;}\" data-e-bg-lazyload=\"\" data-core-v316-plus=\"true\">\n\t\t\t\t\t<div class=\"e-con-inner\">\n\t\t\t\t\t<\/div>\n\t\t\t\t<\/div>\n\t\t<div class=\"elementor-element elementor-element-1d8a1b9 e-flex e-con-boxed e-con e-parent\" data-id=\"1d8a1b9\" data-element_type=\"container\" data-settings=\"{&quot;content_width&quot;:&quot;boxed&quot;}\" data-core-v316-plus=\"true\">\n\t\t\t\t\t<div class=\"e-con-inner\">\n\t\t\t\t<div class=\"elementor-element elementor-element-92ff928 elementor-invisible elementor-widget elementor-widget-heading\" data-id=\"92ff928\" data-element_type=\"widget\" data-settings=\"{&quot;_animation&quot;:&quot;fadeInUp&quot;}\" data-widget_type=\"heading.default\">\n\t\t\t\t<div class=\"elementor-widget-container\">\n\t\t\t<style>\/*! elementor - v3.19.0 - 07-02-2024 *\/\n.elementor-heading-title{padding:0;margin:0;line-height:1}.elementor-widget-heading .elementor-heading-title[class*=elementor-size-]>a{color:inherit;font-size:inherit;line-height:inherit}.elementor-widget-heading .elementor-heading-title.elementor-size-small{font-size:15px}.elementor-widget-heading .elementor-heading-title.elementor-size-medium{font-size:19px}.elementor-widget-heading .elementor-heading-title.elementor-size-large{font-size:29px}.elementor-widget-heading .elementor-heading-title.elementor-size-xl{font-size:39px}.elementor-widget-heading .elementor-heading-title.elementor-size-xxl{font-size:59px}<\/style><h2 class=\"elementor-heading-title elementor-size-default\">AUDITORIA E QUALIFICA\u00c7\u00c3O DE FORNECEDORES<\/h2>\t\t<\/div>\n\t\t\t\t<\/div>\n\t\t\t\t<div class=\"elementor-element elementor-element-17dd3c0 elementor-widget__width-initial elementor-invisible elementor-widget elementor-widget-text-editor\" data-id=\"17dd3c0\" data-element_type=\"widget\" data-settings=\"{&quot;_animation&quot;:&quot;fadeIn&quot;}\" data-widget_type=\"text-editor.default\">\n\t\t\t\t<div class=\"elementor-widget-container\">\n\t\t\t<style>\/*! elementor - v3.19.0 - 07-02-2024 *\/\n.elementor-widget-text-editor.elementor-drop-cap-view-stacked .elementor-drop-cap{background-color:#69727d;color:#fff}.elementor-widget-text-editor.elementor-drop-cap-view-framed .elementor-drop-cap{color:#69727d;border:3px solid;background-color:transparent}.elementor-widget-text-editor:not(.elementor-drop-cap-view-default) .elementor-drop-cap{margin-top:8px}.elementor-widget-text-editor:not(.elementor-drop-cap-view-default) .elementor-drop-cap-letter{width:1em;height:1em}.elementor-widget-text-editor .elementor-drop-cap{float:left;text-align:center;line-height:1;font-size:50px}.elementor-widget-text-editor .elementor-drop-cap-letter{display:inline-block}<\/style>\t\t\t\t<p>O mercado, cada vez mais competitivo, exige que o relacionamento entre clientes e fornecedores seja muito bem estruturado e para assegurar a qualidade e a conformidade dos produtos\/servi\u00e7os adquiridos, as empresas devem conhecer a proced\u00eancia e processos a que s\u00e3o submetidos.<\/p><p>A\u00a0US CONSULTORIA\u00a0disp\u00f5e de\u00a0toda expertise necess\u00e1ria\u00a0para gerenciar, selecionar, avaliar e qualificar os fornecedores de sua empresa.<\/p>\t\t\t\t\t\t<\/div>\n\t\t\t\t<\/div>\n\t\t\t\t\t<\/div>\n\t\t\t\t<\/div>\n\t\t<div class=\"elementor-element elementor-element-9134fd7 e-flex e-con-boxed e-con e-parent\" data-id=\"9134fd7\" data-element_type=\"container\" data-settings=\"{&quot;content_width&quot;:&quot;boxed&quot;}\" data-core-v316-plus=\"true\">\n\t\t\t\t\t<div class=\"e-con-inner\">\n\t\t<div class=\"elementor-element elementor-element-21c83a8 e-con-full e-flex e-con e-child\" data-id=\"21c83a8\" data-element_type=\"container\" data-settings=\"{&quot;content_width&quot;:&quot;full&quot;}\">\n\t\t\t\t<div class=\"elementor-element elementor-element-f8d0f39 elementor-list-item-link-full_width elementor-widget elementor-widget-icon-list\" data-id=\"f8d0f39\" data-element_type=\"widget\" data-widget_type=\"icon-list.default\">\n\t\t\t\t<div class=\"elementor-widget-container\">\n\t\t\t<link rel=\"stylesheet\" href=\"https:\/\/usconsultoria.com.br\/wp-content\/uploads\/elementor\/css\/custom-widget-icon-list.min.css?ver=1762563916\">\t\t<ul class=\"elementor-icon-list-items\">\n\t\t\t\t\t\t\t<li class=\"elementor-icon-list-item\">\n\t\t\t\t\t\t\t\t\t\t\t<span class=\"elementor-icon-list-icon\">\n\t\t\t\t\t\t\t<svg xmlns=\"http:\/\/www.w3.org\/2000\/svg\" width=\"12\" height=\"15\" viewBox=\"0 0 12 15\" fill=\"none\"><path d=\"M12 7.5L2.98003e-07 15L2.33333 7.50002L9.53674e-07 -5.24537e-07L12 7.5Z\" fill=\"#142248\"><\/path><\/svg>\t\t\t\t\t\t<\/span>\n\t\t\t\t\t\t\t\t\t\t<span class=\"elementor-icon-list-text\"><b>Gerenciar riscos, proteger sua marca e otimizar custos<br><\/b> Nossa abrangente variedade de servi\u00e7os fornece a voc\u00ea inspe\u00e7\u00f5es, testes, treinamento, verifica\u00e7\u00e3o e certifica\u00e7\u00e3o para garantir conformidade ou demonstrar o n\u00edvel exigido de desempenho em cada est\u00e1gio de sua cadeia de suprimento e otimizar custos.<\/span>\n\t\t\t\t\t\t\t\t\t<\/li>\n\t\t\t\t\t\t\t\t<li class=\"elementor-icon-list-item\">\n\t\t\t\t\t\t\t\t\t\t\t<span class=\"elementor-icon-list-icon\">\n\t\t\t\t\t\t\t<svg xmlns=\"http:\/\/www.w3.org\/2000\/svg\" width=\"12\" height=\"15\" viewBox=\"0 0 12 15\" fill=\"none\"><path d=\"M12 7.5L2.98003e-07 15L2.33333 7.50002L9.53674e-07 -5.24537e-07L12 7.5Z\" fill=\"#142248\"><\/path><\/svg>\t\t\t\t\t\t<\/span>\n\t\t\t\t\t\t\t\t\t\t<span class=\"elementor-icon-list-text\"><b>Selecionar os fornecedores certos<br><\/b> Podemos ajudar sua empresa a encontrar fornecedores que atendam suas necessidades exclusivas, assim como qualquer requisitos de qualidade, de seguran\u00e7a e \u00e9ticos aplic\u00e1veis ao seu setor. Oferecemos avalia\u00e7\u00f5es e an\u00e1lises independentes, usando auditorias, inspe\u00e7\u00f5es, testes e entrevistas para permitir que sua empresa determine a adequa\u00e7\u00e3o de seus fornecedores.<\/span>\n\t\t\t\t\t\t\t\t\t<\/li>\n\t\t\t\t\t\t\t\t<li class=\"elementor-icon-list-item\">\n\t\t\t\t\t\t\t\t\t\t\t<span class=\"elementor-icon-list-icon\">\n\t\t\t\t\t\t\t<svg xmlns=\"http:\/\/www.w3.org\/2000\/svg\" width=\"12\" height=\"15\" viewBox=\"0 0 12 15\" fill=\"none\"><path d=\"M12 7.5L2.98003e-07 15L2.33333 7.50002L9.53674e-07 -5.24537e-07L12 7.5Z\" fill=\"#142248\"><\/path><\/svg>\t\t\t\t\t\t<\/span>\n\t\t\t\t\t\t\t\t\t\t<span class=\"elementor-icon-list-text\"><b>Gerenciar o desempenho de seus fornecedores<br><\/b> Oferecemos avalia\u00e7\u00f5es regulares, baseadas em auditoria ou testes, para garantir que seus fornecedores apresentem uniformemente o desempenho exigido com rela\u00e7\u00e3o a crit\u00e9rios de qualidade, seguran\u00e7a e quest\u00f5es ambientais e sociais.<\/span>\n\t\t\t\t\t\t\t\t\t<\/li>\n\t\t\t\t\t\t\t\t<li class=\"elementor-icon-list-item\">\n\t\t\t\t\t\t\t\t\t\t\t<span class=\"elementor-icon-list-icon\">\n\t\t\t\t\t\t\t<svg xmlns=\"http:\/\/www.w3.org\/2000\/svg\" width=\"12\" height=\"15\" viewBox=\"0 0 12 15\" fill=\"none\"><path d=\"M12 7.5L2.98003e-07 15L2.33333 7.50002L9.53674e-07 -5.24537e-07L12 7.5Z\" fill=\"#142248\"><\/path><\/svg>\t\t\t\t\t\t<\/span>\n\t\t\t\t\t\t\t\t\t\t<span class=\"elementor-icon-list-text\"><b>Garantir que seus fornecedores estejam em conformidade com as regulamenta\u00e7\u00f5es legais<br><\/b> Com nosso conhecimento atualizado das normas e regulamenta\u00e7\u00f5es exigidas em todo o mundo, podemos ajudar a assegurar que seus fornecedores cumpram todas as suas obriga\u00e7\u00f5es.<\/span>\n\t\t\t\t\t\t\t\t\t<\/li>\n\t\t\t\t\t\t<\/ul>\n\t\t\t\t<\/div>\n\t\t\t\t<\/div>\n\t\t\t\t<\/div>\n\t\t<div class=\"elementor-element elementor-element-e4efa8a e-con-full e-flex e-con e-child\" data-id=\"e4efa8a\" data-element_type=\"container\" data-settings=\"{&quot;content_width&quot;:&quot;full&quot;}\">\n\t\t\t\t<div class=\"elementor-element elementor-element-3b424d1 elementor-widget elementor-widget-image\" data-id=\"3b424d1\" data-element_type=\"widget\" data-widget_type=\"image.default\">\n\t\t\t\t<div class=\"elementor-widget-container\">\n\t\t\t<style>\/*! elementor - v3.19.0 - 07-02-2024 *\/\n.elementor-widget-image{text-align:center}.elementor-widget-image a{display:inline-block}.elementor-widget-image a img[src$=\".svg\"]{width:48px}.elementor-widget-image img{vertical-align:middle;display:inline-block}<\/style>\t\t\t\t\t\t\t\t\t\t<img fetchpriority=\"high\" decoding=\"async\" width=\"800\" height=\"914\" src=\"https:\/\/usconsultoria.com.br\/wp-content\/uploads\/2024\/02\/trabalho-em-equipe-multietnico-diversificado-em-trabalho-excessivo-na-sala-de-reunioes-do-escritorio-analisando-graficos-financeiros-2-896x1024.webp\" class=\"attachment-large size-large wp-image-430\" alt=\"\" srcset=\"https:\/\/usconsultoria.com.br\/wp-content\/uploads\/2024\/02\/trabalho-em-equipe-multietnico-diversificado-em-trabalho-excessivo-na-sala-de-reunioes-do-escritorio-analisando-graficos-financeiros-2-896x1024.webp 896w, https:\/\/usconsultoria.com.br\/wp-content\/uploads\/2024\/02\/trabalho-em-equipe-multietnico-diversificado-em-trabalho-excessivo-na-sala-de-reunioes-do-escritorio-analisando-graficos-financeiros-2-263x300.webp 263w, https:\/\/usconsultoria.com.br\/wp-content\/uploads\/2024\/02\/trabalho-em-equipe-multietnico-diversificado-em-trabalho-excessivo-na-sala-de-reunioes-do-escritorio-analisando-graficos-financeiros-2-768x877.webp 768w, https:\/\/usconsultoria.com.br\/wp-content\/uploads\/2024\/02\/trabalho-em-equipe-multietnico-diversificado-em-trabalho-excessivo-na-sala-de-reunioes-do-escritorio-analisando-graficos-financeiros-2.webp 990w\" sizes=\"(max-width: 800px) 100vw, 800px\" \/>\t\t\t\t\t\t\t\t\t\t\t\t\t<\/div>\n\t\t\t\t<\/div>\n\t\t\t\t<\/div>\n\t\t\t\t\t<\/div>\n\t\t\t\t<\/div>\n\t\t\t\t<\/div>\n\t\t","protected":false},"excerpt":{"rendered":"<p>AUDITORIA E QUALIFICA\u00c7\u00c3O DE FORNECEDORES O mercado, cada vez mais competitivo, exige que o relacionamento entre clientes e fornecedores seja muito bem estruturado e para assegurar a qualidade e a conformidade dos produtos\/servi\u00e7os adquiridos, as empresas devem conhecer a proced\u00eancia e processos a que s\u00e3o submetidos. A\u00a0US CONSULTORIA\u00a0disp\u00f5e de\u00a0toda expertise necess\u00e1ria\u00a0para gerenciar, selecionar, avaliar e [&hellip;]<\/p>\n","protected":false},"author":1,"featured_media":0,"parent":0,"menu_order":0,"comment_status":"closed","ping_status":"closed","template":"elementor_header_footer","meta":{"_joinchat":[],"footnotes":""},"class_list":["post-416","page","type-page","status-publish","hentry"],"_links":{"self":[{"href":"https:\/\/usconsultoria.com.br\/index.php?rest_route=\/wp\/v2\/pages\/416","targetHints":{"allow":["GET"]}}],"collection":[{"href":"https:\/\/usconsultoria.com.br\/index.php?rest_route=\/wp\/v2\/pages"}],"about":[{"href":"https:\/\/usconsultoria.com.br\/index.php?rest_route=\/wp\/v2\/types\/page"}],"author":[{"embeddable":true,"href":"https:\/\/usconsultoria.com.br\/index.php?rest_route=\/wp\/v2\/users\/1"}],"replies":[{"embeddable":true,"href":"https:\/\/usconsultoria.com.br\/index.php?rest_route=%2Fwp%2Fv2%2Fcomments&post=416"}],"version-history":[{"count":25,"href":"https:\/\/usconsultoria.com.br\/index.php?rest_route=\/wp\/v2\/pages\/416\/revisions"}],"predecessor-version":[{"id":856,"href":"https:\/\/usconsultoria.com.br\/index.php?rest_route=\/wp\/v2\/pages\/416\/revisions\/856"}],"wp:attachment":[{"href":"https:\/\/usconsultoria.com.br\/index.php?rest_route=%2Fwp%2Fv2%2Fmedia&parent=416"}],"curies":[{"name":"wp","href":"https:\/\/api.w.org\/{rel}","templated":true}]}}