{"id":375,"date":"2024-02-27T17:29:31","date_gmt":"2024-02-27T17:29:31","guid":{"rendered":"https:\/\/demo.usconsultoria.com.br\/?page_id=375"},"modified":"2024-02-28T12:56:27","modified_gmt":"2024-02-28T12:56:27","slug":"auditoria-interna","status":"publish","type":"page","link":"https:\/\/usconsultoria.com.br\/?page_id=375","title":{"rendered":"Auditoria Interna"},"content":{"rendered":"\t\t<div data-elementor-type=\"wp-page\" data-elementor-id=\"375\" class=\"elementor elementor-375\" data-elementor-post-type=\"page\">\n\t\t\t\t<div class=\"elementor-element elementor-element-fbcc66c e-flex e-con-boxed e-con e-parent\" data-id=\"fbcc66c\" data-element_type=\"container\" data-settings=\"{&quot;background_background&quot;:&quot;classic&quot;,&quot;content_width&quot;:&quot;boxed&quot;}\" data-e-bg-lazyload=\"\" data-core-v316-plus=\"true\">\n\t\t\t\t\t<div class=\"e-con-inner\">\n\t\t\t\t\t<\/div>\n\t\t\t\t<\/div>\n\t\t<div class=\"elementor-element elementor-element-1d8a1b9 e-flex e-con-boxed e-con e-parent\" data-id=\"1d8a1b9\" data-element_type=\"container\" data-settings=\"{&quot;content_width&quot;:&quot;boxed&quot;}\" data-core-v316-plus=\"true\">\n\t\t\t\t\t<div class=\"e-con-inner\">\n\t\t\t\t<div class=\"elementor-element elementor-element-92ff928 elementor-invisible elementor-widget elementor-widget-heading\" data-id=\"92ff928\" data-element_type=\"widget\" data-settings=\"{&quot;_animation&quot;:&quot;fadeInUp&quot;}\" data-widget_type=\"heading.default\">\n\t\t\t\t<div class=\"elementor-widget-container\">\n\t\t\t<style>\/*! elementor - v3.19.0 - 07-02-2024 *\/\n.elementor-heading-title{padding:0;margin:0;line-height:1}.elementor-widget-heading .elementor-heading-title[class*=elementor-size-]>a{color:inherit;font-size:inherit;line-height:inherit}.elementor-widget-heading .elementor-heading-title.elementor-size-small{font-size:15px}.elementor-widget-heading .elementor-heading-title.elementor-size-medium{font-size:19px}.elementor-widget-heading .elementor-heading-title.elementor-size-large{font-size:29px}.elementor-widget-heading .elementor-heading-title.elementor-size-xl{font-size:39px}.elementor-widget-heading .elementor-heading-title.elementor-size-xxl{font-size:59px}<\/style><h2 class=\"elementor-heading-title elementor-size-default\">AUDITORIA INTERNA<\/h2>\t\t<\/div>\n\t\t\t\t<\/div>\n\t\t\t\t<div class=\"elementor-element elementor-element-17dd3c0 elementor-widget__width-initial elementor-invisible elementor-widget elementor-widget-text-editor\" data-id=\"17dd3c0\" data-element_type=\"widget\" data-settings=\"{&quot;_animation&quot;:&quot;fadeIn&quot;}\" data-widget_type=\"text-editor.default\">\n\t\t\t\t<div class=\"elementor-widget-container\">\n\t\t\t<style>\/*! elementor - v3.19.0 - 07-02-2024 *\/\n.elementor-widget-text-editor.elementor-drop-cap-view-stacked .elementor-drop-cap{background-color:#69727d;color:#fff}.elementor-widget-text-editor.elementor-drop-cap-view-framed .elementor-drop-cap{color:#69727d;border:3px solid;background-color:transparent}.elementor-widget-text-editor:not(.elementor-drop-cap-view-default) .elementor-drop-cap{margin-top:8px}.elementor-widget-text-editor:not(.elementor-drop-cap-view-default) .elementor-drop-cap-letter{width:1em;height:1em}.elementor-widget-text-editor .elementor-drop-cap{float:left;text-align:center;line-height:1;font-size:50px}.elementor-widget-text-editor .elementor-drop-cap-letter{display:inline-block}<\/style>\t\t\t\t<p>Nossa divis\u00e3o de Auditoria est\u00e1 preparada para contribuir com a melhoria do sistema de Gest\u00e3o de sua empresa. Algumas raz\u00f5es para sua empesa desenvolver o programa de Auditoria interna com a\u00a0US CONSULTORIA:<\/p>\t\t\t\t\t\t<\/div>\n\t\t\t\t<\/div>\n\t\t\t\t\t<\/div>\n\t\t\t\t<\/div>\n\t\t<div class=\"elementor-element elementor-element-9134fd7 e-flex e-con-boxed e-con e-parent\" data-id=\"9134fd7\" data-element_type=\"container\" data-settings=\"{&quot;content_width&quot;:&quot;boxed&quot;}\" data-core-v316-plus=\"true\">\n\t\t\t\t\t<div class=\"e-con-inner\">\n\t\t<div class=\"elementor-element elementor-element-21c83a8 e-con-full e-flex e-con e-child\" data-id=\"21c83a8\" data-element_type=\"container\" data-settings=\"{&quot;content_width&quot;:&quot;full&quot;}\">\n\t\t\t\t<div class=\"elementor-element elementor-element-f8d0f39 elementor-icon-list--layout-traditional elementor-list-item-link-full_width elementor-widget elementor-widget-icon-list\" data-id=\"f8d0f39\" data-element_type=\"widget\" data-widget_type=\"icon-list.default\">\n\t\t\t\t<div class=\"elementor-widget-container\">\n\t\t\t<link rel=\"stylesheet\" href=\"https:\/\/usconsultoria.com.br\/wp-content\/uploads\/elementor\/css\/custom-widget-icon-list.min.css?ver=1762563916\">\t\t<ul class=\"elementor-icon-list-items\">\n\t\t\t\t\t\t\t<li class=\"elementor-icon-list-item\">\n\t\t\t\t\t\t\t\t\t\t\t<span class=\"elementor-icon-list-icon\">\n\t\t\t\t\t\t\t<svg xmlns=\"http:\/\/www.w3.org\/2000\/svg\" width=\"12\" height=\"15\" viewBox=\"0 0 12 15\" fill=\"none\"><path d=\"M12 7.5L2.98003e-07 15L2.33333 7.50002L9.53674e-07 -5.24537e-07L12 7.5Z\" fill=\"#142248\"><\/path><\/svg>\t\t\t\t\t\t<\/span>\n\t\t\t\t\t\t\t\t\t\t<span class=\"elementor-icon-list-text\">Nossos auditores s\u00e3o certificados e aprovados em cursos reconhecidos internacionalmente e tem registro junto a RABQSA \/ IRCA;<\/span>\n\t\t\t\t\t\t\t\t\t<\/li>\n\t\t\t\t\t\t\t\t<li class=\"elementor-icon-list-item\">\n\t\t\t\t\t\t\t\t\t\t\t<span class=\"elementor-icon-list-icon\">\n\t\t\t\t\t\t\t<svg xmlns=\"http:\/\/www.w3.org\/2000\/svg\" width=\"12\" height=\"15\" viewBox=\"0 0 12 15\" fill=\"none\"><path d=\"M12 7.5L2.98003e-07 15L2.33333 7.50002L9.53674e-07 -5.24537e-07L12 7.5Z\" fill=\"#142248\"><\/path><\/svg>\t\t\t\t\t\t<\/span>\n\t\t\t\t\t\t\t\t\t\t<span class=\"elementor-icon-list-text\">Nossos auditores t\u00eam conhecimento de distintos segmentos empresariais, garantindo, desse modo, a diversidade necess\u00e1ria para a identifica\u00e7\u00e3o de reais oportunidades de melhoria em seu Sistema de Gest\u00e3o;<\/span>\n\t\t\t\t\t\t\t\t\t<\/li>\n\t\t\t\t\t\t\t\t<li class=\"elementor-icon-list-item\">\n\t\t\t\t\t\t\t\t\t\t\t<span class=\"elementor-icon-list-icon\">\n\t\t\t\t\t\t\t<svg xmlns=\"http:\/\/www.w3.org\/2000\/svg\" width=\"12\" height=\"15\" viewBox=\"0 0 12 15\" fill=\"none\"><path d=\"M12 7.5L2.98003e-07 15L2.33333 7.50002L9.53674e-07 -5.24537e-07L12 7.5Z\" fill=\"#142248\"><\/path><\/svg>\t\t\t\t\t\t<\/span>\n\t\t\t\t\t\t\t\t\t\t<span class=\"elementor-icon-list-text\">N\u00e3o h\u00e1 necessidade de dispor do tempo de seus colaboradores para planejar, programar, executar e relatar as auditorias. Seus profissionais mant\u00eam foco total no neg\u00f3cio de sua empresa;<\/span>\n\t\t\t\t\t\t\t\t\t<\/li>\n\t\t\t\t\t\t\t\t<li class=\"elementor-icon-list-item\">\n\t\t\t\t\t\t\t\t\t\t\t<span class=\"elementor-icon-list-icon\">\n\t\t\t\t\t\t\t<svg xmlns=\"http:\/\/www.w3.org\/2000\/svg\" width=\"12\" height=\"15\" viewBox=\"0 0 12 15\" fill=\"none\"><path d=\"M12 7.5L2.98003e-07 15L2.33333 7.50002L9.53674e-07 -5.24537e-07L12 7.5Z\" fill=\"#142248\"><\/path><\/svg>\t\t\t\t\t\t<\/span>\n\t\t\t\t\t\t\t\t\t\t<span class=\"elementor-icon-list-text\">O resultado da auditoria ser\u00e1 apresentado rapidamente \u00e0 dire\u00e7\u00e3o da empresa com total isen\u00e7\u00e3o e confidencialidade, total imparcialidade nos processos auditados, uma vez que o auditor n\u00e3o ter\u00e1 nenhum v\u00ednculo com os colaboradores e\/ou processos auditados.<\/span>\n\t\t\t\t\t\t\t\t\t<\/li>\n\t\t\t\t\t\t<\/ul>\n\t\t\t\t<\/div>\n\t\t\t\t<\/div>\n\t\t\t\t<\/div>\n\t\t<div class=\"elementor-element elementor-element-e4efa8a e-con-full e-flex e-con e-child\" data-id=\"e4efa8a\" data-element_type=\"container\" data-settings=\"{&quot;content_width&quot;:&quot;full&quot;}\">\n\t\t\t\t<div class=\"elementor-element elementor-element-3b424d1 elementor-widget elementor-widget-image\" data-id=\"3b424d1\" data-element_type=\"widget\" data-widget_type=\"image.default\">\n\t\t\t\t<div class=\"elementor-widget-container\">\n\t\t\t<style>\/*! elementor - v3.19.0 - 07-02-2024 *\/\n.elementor-widget-image{text-align:center}.elementor-widget-image a{display:inline-block}.elementor-widget-image a img[src$=\".svg\"]{width:48px}.elementor-widget-image img{vertical-align:middle;display:inline-block}<\/style>\t\t\t\t\t\t\t\t\t\t<img fetchpriority=\"high\" decoding=\"async\" width=\"659\" height=\"439\" src=\"https:\/\/usconsultoria.com.br\/wp-content\/uploads\/2024\/02\/trabalho-em-equipe-de-analise-on-line-1.webp\" class=\"attachment-large size-large wp-image-380\" alt=\"\" srcset=\"https:\/\/usconsultoria.com.br\/wp-content\/uploads\/2024\/02\/trabalho-em-equipe-de-analise-on-line-1.webp 659w, https:\/\/usconsultoria.com.br\/wp-content\/uploads\/2024\/02\/trabalho-em-equipe-de-analise-on-line-1-300x200.webp 300w\" sizes=\"(max-width: 659px) 100vw, 659px\" \/>\t\t\t\t\t\t\t\t\t\t\t\t\t<\/div>\n\t\t\t\t<\/div>\n\t\t\t\t<\/div>\n\t\t\t\t\t<\/div>\n\t\t\t\t<\/div>\n\t\t\t\t<\/div>\n\t\t","protected":false},"excerpt":{"rendered":"<p>AUDITORIA INTERNA Nossa divis\u00e3o de Auditoria est\u00e1 preparada para contribuir com a melhoria do sistema de Gest\u00e3o de sua empresa. Algumas raz\u00f5es para sua empesa desenvolver o programa de Auditoria interna com a\u00a0US CONSULTORIA: Nossos auditores s\u00e3o certificados e aprovados em cursos reconhecidos internacionalmente e tem registro junto a RABQSA \/ IRCA; Nossos auditores t\u00eam [&hellip;]<\/p>\n","protected":false},"author":1,"featured_media":0,"parent":0,"menu_order":0,"comment_status":"closed","ping_status":"closed","template":"elementor_header_footer","meta":{"_joinchat":[],"footnotes":""},"class_list":["post-375","page","type-page","status-publish","hentry"],"_links":{"self":[{"href":"https:\/\/usconsultoria.com.br\/index.php?rest_route=\/wp\/v2\/pages\/375","targetHints":{"allow":["GET"]}}],"collection":[{"href":"https:\/\/usconsultoria.com.br\/index.php?rest_route=\/wp\/v2\/pages"}],"about":[{"href":"https:\/\/usconsultoria.com.br\/index.php?rest_route=\/wp\/v2\/types\/page"}],"author":[{"embeddable":true,"href":"https:\/\/usconsultoria.com.br\/index.php?rest_route=\/wp\/v2\/users\/1"}],"replies":[{"embeddable":true,"href":"https:\/\/usconsultoria.com.br\/index.php?rest_route=%2Fwp%2Fv2%2Fcomments&post=375"}],"version-history":[{"count":34,"href":"https:\/\/usconsultoria.com.br\/index.php?rest_route=\/wp\/v2\/pages\/375\/revisions"}],"predecessor-version":[{"id":415,"href":"https:\/\/usconsultoria.com.br\/index.php?rest_route=\/wp\/v2\/pages\/375\/revisions\/415"}],"wp:attachment":[{"href":"https:\/\/usconsultoria.com.br\/index.php?rest_route=%2Fwp%2Fv2%2Fmedia&parent=375"}],"curies":[{"name":"wp","href":"https:\/\/api.w.org\/{rel}","templated":true}]}}